{"id":21791,"date":"2024-01-11T08:37:16","date_gmt":"2024-01-11T08:37:16","guid":{"rendered":"https:\/\/puntacanarnstg.wpenginepowered.com\/home\/"},"modified":"2026-03-25T11:18:41","modified_gmt":"2026-03-25T11:18:41","slug":"home","status":"publish","type":"page","link":"https:\/\/camps.rafanadalacademy.com\/en\/","title":{"rendered":"Home"},"content":{"rendered":"<section class=\"hero-height h-full flex flex-col relative overflow-hidden\">\n\t<div class=\"swiper blog-home-slider w-full h-full\">\n\t\t<div class=\"swiper-wrapper h-full\">\n\t\t\t\t\t\t\t\t<div class=\"swiper-slide relative h-full\">\n\t\t\t\t\t\t\t\t<div class=\"linear-gradient-rf relative flex-1 overflow-hidden h-full hero-full-image\">\n\t\t\t\t\t\t\t\t\t\t\t<div class=\"max-w-[73.25rem] mx-auto px-4 relative h-full z-50\">\n\t\t\t\t\t\t\t<div class=\"lg:absolute mt-[3rem] lg:mt-0 lg:top-1\/2 lg:-translate-y-1\/2 max-w-[49.375rem]\">\n\t\t\t\t\t\t\t\t\t\t\t\t\t\t\t\t\t<h1 class=\"text-[3rem] leading-[3.75rem] lg:text-[5rem] lg:leading-[6rem] font-bold text-white mb-4\">INTERNATIONAL CAMPS<\/h1>\n\t\t\t\t\t\t\t\t\t\t\t\t\t\t\t\t\t\t\t\t\t\t\t\t<!-- <a href=\"#\" id=\"scrollToNext\" class=\"scrollToNext flex gap-2 items-center mt-6 lg:mt-16 text-white font-bold text-sm leading-[1.25rem]\">\n\t\t\t\t\t\t\t\t\t\t\t\t\t\t\t\t\t\t<svg xmlns=\"http:\/\/www.w3.org\/2000\/svg\" width=\"16\" height=\"17\" viewBox=\"0 0 16 17\" fill=\"none\">\n\t\t\t\t\t\t\t\t\t\t<path fill-rule=\"evenodd\" clip-rule=\"evenodd\" d=\"M12.5148 8.98853C12.2798 8.70509 11.8596 8.66581 11.5761 8.9008C11.5757 8.90116 11.5753 8.90151 11.5748 8.90187L8.66817 11.3219V3.4152C8.66817 3.04701 8.36969 2.74854 8.0015 2.74854C7.63331 2.74854 7.33483 3.04701 7.33483 3.4152V11.3219L4.42817 8.90187C4.14466 8.66623 3.72381 8.70503 3.48817 8.98853C3.25253 9.27204 3.29133 9.69289 3.57483 9.92853H3.57483L7.57483 13.2619L7.67483 13.3219L7.7615 13.3685C7.91595 13.4281 8.08705 13.4281 8.2415 13.3685L8.32817 13.3219L8.42817 13.2619L12.4282 9.92853H12.4282C12.7116 9.69354 12.7509 9.27326 12.5159 8.98982C12.5155 8.98939 12.5152 8.98896 12.5148 8.98853L12.5148 8.98853Z\" fill=\"white\"\/>\n\t\t\t\t\t\t\t\t\t<\/svg>\n\t\t\t\t\t\t\t\t<\/a> -->\n\t\t\t\t\t\t\t<\/div>\n\t\t\t\t\t\t<\/div>\n\t\t\t\t\t\t\t\t\t\t\t\t\t<div\n\t\t\t\t\t\t\t\tclass=\"absolute bottom-0 right-0 left-0 z-0 flex justify-center justify-end z-10 hidden lg:block\"\n\t\t\t\t\t\t\t\tstyle=\"background: url('https:\/\/camps.rafanadalacademy.com\/wp-content\/uploads\/2025\/10\/7I6A0014.jpg') no-repeat center \/ cover; height: 100vh;\"\n\t\t\t\t\t\t\t><\/div>\n\t\t\t\t\t\t\t\t\t\t\t\t\t\t\t<div\n\t\t\t\t\t\t\t\t\tclass=\"absolute bottom-0 right-0 left-0 z-0 flex justify-center justify-end z-10 lg:hidden\"\n\t\t\t\t\t\t\t\t\tstyle=\"background: url('https:\/\/camps.rafanadalacademy.com\/wp-content\/uploads\/2025\/10\/7I6A0014-vert.jpg') no-repeat center \/ cover; height: 100vh;\"\n\t\t\t\t\t\t\t\t><\/div>\n\t\t\t\t\t\t\t\t\t\t\t\t\t\t\t\t\t\t\t\t\t\t<\/div>\n\t\t\t<\/div>\n\t\t\t\t\t\t\t<\/div>\n\t\t<div class=\"hidden lg:block absolute top-1\/2 left-4 -translate-y-1\/2 lg:left-4 gallery-modal-slider-prev bg-primary hover:bg-primary_hover p-2 rounded-full z-10\">\n\t\t\t<svg xmlns=\"http:\/\/www.w3.org\/2000\/svg\" width=\"41\" height=\"41\" viewBox=\"0 0 41 41\" fill=\"none\">\n\t\t\t\t<path fill-rule=\"evenodd\" clip-rule=\"evenodd\" d=\"M23.4241 8.86889C23.8135 8.86813 24.1909 9.00375 24.4908 9.25222L24.4908 9.25222C25.1994 9.8397 25.2976 10.8904 24.7101 11.599C24.7092 11.6001 24.7083 11.6012 24.7074 11.6022L17.2408 20.5356L24.4408 29.4856L24.4408 29.4856C25.021 30.2001 24.9122 31.2497 24.1976 31.83C24.1954 31.8319 24.1931 31.8337 24.1908 31.8356L24.1908 31.8356C23.4997 32.4436 22.4466 32.3763 21.8386 31.6852C21.8102 31.6531 21.7832 31.6198 21.7574 31.5856L13.7074 21.5856C13.2019 20.9706 13.2019 20.0839 13.7074 19.4689L22.0408 9.46889L22.0408 9.46889C22.3799 9.05982 22.8937 8.83695 23.4241 8.86889L23.4241 8.86889Z\" fill=\"white\"\/>\n\t\t\t<\/svg>\n\t\t<\/div>\n\t\t<div class=\"hidden lg:block absolute top-1\/2 right-4 -translate-y-1\/2 lg:right-4 gallery-modal-slider-next bg-primary hover:bg-primary_hover p-2 rounded-full z-10\">\n\t\t\t<svg xmlns=\"http:\/\/www.w3.org\/2000\/svg\" width=\"40\" height=\"41\" viewBox=\"0 0 40 41\" fill=\"none\">\n\t\t\t\t<path fill-rule=\"evenodd\" clip-rule=\"evenodd\" d=\"M16.6696 32.1819C16.2802 32.1827 15.9028 32.047 15.603 31.7986H15.603C14.8944 31.2111 14.7962 30.1604 15.3836 29.4518C15.3845 29.4507 15.3854 29.4496 15.3863 29.4486L22.853 20.5152L15.653 11.5652L15.653 11.5652C15.0727 10.8507 15.1816 9.80104 15.8961 9.22077C15.8984 9.21892 15.9007 9.21707 15.903 9.21522V9.21522C16.594 8.60718 17.6472 8.67448 18.2552 9.36554C18.2835 9.39771 18.3106 9.43096 18.3363 9.46522L26.3863 19.4652C26.8918 20.0802 26.8918 20.9669 26.3863 21.5819L18.053 31.5819H18.053C17.7139 31.991 17.2 32.2138 16.6696 32.1819L16.6696 32.1819Z\" fill=\"white\"\/>\n\t\t\t<\/svg>\n\t\t<\/div>\n\t\t<div class=\"swiper-pagination blog-home-pagination\"><\/div>\n\t<\/div>\n\t<\/section>\n<section class=\"py-10 lg:py-20\">\n\t<div class=\"max-w-[73.25rem] mx-auto px-4 flex flex-col items-center text-center\">\n\t\t<div>\n\t\t\t\t\t\t\t\t\t\t<h1 class=\"text-tertiary text-[3rem] leading-[3.75rem] lg:text-[4rem] lg:leading-[5rem] font-bold mb-4\">Discover the Rafa Nadal Academy methodology in your city<\/h1>\n\t\t\t\t\t\t\t\t\t\t<p class=\"text-tertiary text-lg leading-8 max-w-[42.0625rem]\">Looking for a unique opportunity to improve your tennis and live an unforgettable experience? Secure your place at the Rafa Nadal Academy tennis camp. \r\n\r\nThe Rafa Nadal Academy brings its methodology to you. The international camps are designed for you to experience firsthand what it is like to train with Rafa Nadal&#8217;s elaborate methodology, developed by the technical team that has taken Rafa to the top of the professional circuit. \r\n\r\nTogether with the team of coaches from Mallorca, players will maximize their potential and live an unforgettable experience.<\/p>\n\t\t\t\t\t<\/div>\n\t<\/div>\n\n<\/section>\n<section class=\"py-10 lg:py-20 bg-gray-100\" id=\"elige-programa\">\n\t<div class=\"max-w-[73.75rem] px-4 mx-auto\">\n\t\t\t\t\t<h2 class=\"text-[2rem] leading-12 text-tertiary lg:text-[2.3125rem] lg:leading-[3.25rem] font-medium mb-6\">Our camp types<\/h2>\n\t\t\t\t\t\t\t<div class=\"flex gap-[1.875rem] flex-col lg:grid lg:grid-cols-2\">\n\t\t\t\t\t\t\t\t\t\t\t\t\t\t\t\t<a class=\"flex-1 flex flex-col h-full rounded-[0.625rem] overflow-hidden group\" href=\"https:\/\/camps.rafanadalacademy.com\/fechas-ubicaciones\/junior-camps\/\">\n\t\t\t\t\t\t\t\t<img decoding=\"async\" loading=\"lazy\" class=\"w-full h-[14.25rem] lg:h-[20.0625rem] object-cover\" src=\"https:\/\/camps.rafanadalacademy.com\/wp-content\/uploads\/2025\/10\/7I6A0036-e1761755729768.jpg\" alt=\"\">\n\t\t\t\t\t\t\t\t<div class=\"bg-white p-8 transition-all duration-300 group-hover:bg-tertiary grow flex flex-col justify-between\">\n\t\t\t\t\t\t\t\t\t<div>\n\t\t\t\t\t\t\t\t\t\t\t\t\t\t\t\t\t\t\t\t\t\t\t\t\t\t\t\t\t\t\t\t\t\t\t\t\t\t\t\t\t\t<div class=\"flex flex-wrap gap-4 mb-4\">\n\t\t\t\t\t\t\t\t\t\t\t\t\t\t\t\t\t\t\t\t\t\t\t\t\t\t\t<span class=\"text-[0.75rem] leading-5 text-tertiary bg-tags px-2 py-1 rounded font-medium\">Ubicaciones<\/span>\n\t\t\t\t\t\t\t\t\t\t\t\t\t\t\t\t\t\t\t\t\t\t\t\t\t<\/div>\n\t\t\t\t\t\t\t\t\t\t\t\t\t\t\t\t\t\t\t\t\t<h3 class=\"text-[1.625rem] lg:leading-10 font-bold text-tertiary mb-[0.375rem] transition-all duration-300 group-hover:text-white\">Junior Camps<\/h3>\n\t\t\t\t\t\t\t\t\t\t<p class=\"text-lg leading-8 text-tertiary mb-4 transition-all duration-300 group-hover:text-white\">\n\t\t\t\t\t\t\t\t\t\t\tLos campamentos junior est\u00e1n dirigidos a j\u00f3venes jugadores de entre 8 y 18 a\u00f1os que desean mejorar su juego. Durante el campamento, los participantes entrenar\u00e1n bajo el reconocido sistema de la Rafa Nadal Academy, centrado en el desarrollo t\u00e9cnico, t\u00e1ctico, f\u00edsico y mental de cada jugador.\t\t\t\t\t\t\t\t\t\t<\/p>\n\t\t\t\t\t\t\t\t\t<\/div>\n\t\t\t\t\t\t\t\t\t<div class=\"flex justify-end\">\n\t\t\t\t\t\t\t\t\t\t<svg class=\"transition-all duration-300 group-hover:rotate-90\" xmlns=\"http:\/\/www.w3.org\/2000\/svg\" width=\"56\" height=\"57\" viewBox=\"0 0 56 57\" fill=\"none\">\n\t\t\t\t\t\t\t\t\t\t\t<path class=\"group-hover:fill-primary_hover\" fill-rule=\"evenodd\" clip-rule=\"evenodd\" d=\"M27.9994 4.74219C15.1127 4.74219 4.66602 15.1889 4.66602 28.0755C4.66602 40.9622 15.1127 51.4089 27.9994 51.4089C40.886 51.4089 51.3327 40.9622 51.3327 28.0755C51.3327 15.1889 40.886 4.74219 27.9994 4.74219V4.74219ZM34.9993 30.4089H30.3327V35.0755C30.3327 36.3642 29.288 37.4089 27.9993 37.4089C26.7107 37.4089 25.666 36.3642 25.666 35.0755V30.4089H20.9993C19.7107 30.4089 18.666 29.3642 18.666 28.0755C18.666 26.7869 19.7107 25.7422 20.9993 25.7422H25.666V21.0755V21.0755C25.666 19.7869 26.7107 18.7422 27.9993 18.7422C29.288 18.7422 30.3327 19.7869 30.3327 21.0755V25.7422H34.9993C36.288 25.7422 37.3327 26.7869 37.3327 28.0755C37.3327 29.3642 36.288 30.4089 34.9993 30.4089Z\" fill=\"#C7502C\"\/>\n\t\t\t\t\t\t\t\t\t\t<\/svg>\n\t\t\t\t\t\t\t\t\t<\/div>\n\t\t\t\t\t\t\t\t<\/div>\n\t\t\t\t\t\t\t<\/a>\n\t\t\t\t\t\t\t\t\t\t\t\t<a class=\"flex-1 flex flex-col h-full rounded-[0.625rem] overflow-hidden group\" href=\"https:\/\/camps.rafanadalacademy.com\/fechas-ubicaciones\/adult-camps\/\">\n\t\t\t\t\t\t\t\t<img decoding=\"async\" loading=\"lazy\" class=\"w-full h-[14.25rem] lg:h-[20.0625rem] object-cover\" src=\"https:\/\/camps.rafanadalacademy.com\/wp-content\/uploads\/2025\/10\/7I6A0096.jpg\" alt=\"\">\n\t\t\t\t\t\t\t\t<div class=\"bg-white p-8 transition-all duration-300 group-hover:bg-tertiary grow flex flex-col justify-between\">\n\t\t\t\t\t\t\t\t\t<div>\n\t\t\t\t\t\t\t\t\t\t\t\t\t\t\t\t\t\t\t\t\t\t\t\t\t\t\t\t\t\t\t\t\t\t\t\t\t\t\t\t\t\t<div class=\"flex flex-wrap gap-4 mb-4\">\n\t\t\t\t\t\t\t\t\t\t\t\t\t\t\t\t\t\t\t\t\t\t\t\t\t\t\t<span class=\"text-[0.75rem] leading-5 text-tertiary bg-tags px-2 py-1 rounded font-medium\">Ubicaciones<\/span>\n\t\t\t\t\t\t\t\t\t\t\t\t\t\t\t\t\t\t\t\t\t\t\t\t\t<\/div>\n\t\t\t\t\t\t\t\t\t\t\t\t\t\t\t\t\t\t\t\t\t<h3 class=\"text-[1.625rem] lg:leading-10 font-bold text-tertiary mb-[0.375rem] transition-all duration-300 group-hover:text-white\">Adult Camps<\/h3>\n\t\t\t\t\t\t\t\t\t\t<p class=\"text-lg leading-8 text-tertiary mb-4 transition-all duration-300 group-hover:text-white\">\n\t\t\t\t\t\t\t\t\t\t\tEntrena con la metodolog\u00eda probada de Rafa\r\n\r\nEn la Rafa Nadal Academy, los jugadores entrenan con la misma metodolog\u00eda desarrollada por Rafa y el equipo t\u00e9cnico que est\u00e1 detr\u00e1s de su legendaria carrera. Nuestro sistema evoluciona junto al deporte, adapt\u00e1ndose a las exigencias del tenis moderno: un juego m\u00e1s r\u00e1pido y din\u00e1mico que requiere que los jugadores lean las situaciones con rapidez, piensen velozmente, se muevan de forma explosiva y ejecuten con precisi\u00f3n.\t\t\t\t\t\t\t\t\t\t<\/p>\n\t\t\t\t\t\t\t\t\t<\/div>\n\t\t\t\t\t\t\t\t\t<div class=\"flex justify-end\">\n\t\t\t\t\t\t\t\t\t\t<svg class=\"transition-all duration-300 group-hover:rotate-90\" xmlns=\"http:\/\/www.w3.org\/2000\/svg\" width=\"56\" height=\"57\" viewBox=\"0 0 56 57\" fill=\"none\">\n\t\t\t\t\t\t\t\t\t\t\t<path class=\"group-hover:fill-primary_hover\" fill-rule=\"evenodd\" clip-rule=\"evenodd\" d=\"M27.9994 4.74219C15.1127 4.74219 4.66602 15.1889 4.66602 28.0755C4.66602 40.9622 15.1127 51.4089 27.9994 51.4089C40.886 51.4089 51.3327 40.9622 51.3327 28.0755C51.3327 15.1889 40.886 4.74219 27.9994 4.74219V4.74219ZM34.9993 30.4089H30.3327V35.0755C30.3327 36.3642 29.288 37.4089 27.9993 37.4089C26.7107 37.4089 25.666 36.3642 25.666 35.0755V30.4089H20.9993C19.7107 30.4089 18.666 29.3642 18.666 28.0755C18.666 26.7869 19.7107 25.7422 20.9993 25.7422H25.666V21.0755V21.0755C25.666 19.7869 26.7107 18.7422 27.9993 18.7422C29.288 18.7422 30.3327 19.7869 30.3327 21.0755V25.7422H34.9993C36.288 25.7422 37.3327 26.7869 37.3327 28.0755C37.3327 29.3642 36.288 30.4089 34.9993 30.4089Z\" fill=\"#C7502C\"\/>\n\t\t\t\t\t\t\t\t\t\t<\/svg>\n\t\t\t\t\t\t\t\t\t<\/div>\n\t\t\t\t\t\t\t\t<\/div>\n\t\t\t\t\t\t\t<\/a>\n\t\t\t\t\t\t\t\t\t\t\t\t<\/div>\n\t\t\t<\/div>\n<\/section>\n<section class=\"py-10 px-4 lg:pt-[4.375rem] lg:pb-20 four-benefits\" >\n    <div class=\"text-tertiary max-w-[46.875rem] mx-auto\">\n                    <h2 class=\"mb-6 text-[2rem] leading-[3rem] text-center font-medium lg:text-5xl lg:leading-[3.75rem] lg:mb-[1.875rem]\">\n                Why choose a Rafa Nadal International Camp? \n            <\/h2>\n                        <div class=\"grid gap-4 grid-cols-2 md:grid-cols-4\">\n                            <div class=\"flex flex-col items-center justify-start gap-4 mb-8\">\n                                            <span class=\"bg-primary p-4 rounded-lg inline-flex items-center justify-center\">\n                            <img decoding=\"async\" loading=\"lazy\" src=\"https:\/\/camps.rafanadalacademy.com\/wp-content\/uploads\/2024\/11\/Location.png\" width=\"24\" height=\"24\" alt=\"icon\">\n                        <\/span>\n                                        <h3 class=\"text-center leading-[1.125rem]\">Proximity<\/h3>\n                <\/div>\n                            <div class=\"flex flex-col items-center justify-start gap-4 mb-8\">\n                                            <span class=\"bg-primary p-4 rounded-lg inline-flex items-center justify-center\">\n                            <img decoding=\"async\" loading=\"lazy\" src=\"https:\/\/camps.rafanadalacademy.com\/wp-content\/uploads\/2024\/11\/StyleLine-8.svg\" width=\"24\" height=\"24\" alt=\"icon\">\n                        <\/span>\n                                        <h3 class=\"text-center leading-[1.125rem]\">Discover the Rafa Nadal Academy methodology<\/h3>\n                <\/div>\n                            <div class=\"flex flex-col items-center justify-start gap-4 mb-8\">\n                                            <span class=\"bg-primary p-4 rounded-lg inline-flex items-center justify-center\">\n                            <img decoding=\"async\" loading=\"lazy\" src=\"https:\/\/camps.rafanadalacademy.com\/wp-content\/uploads\/2024\/11\/StyleLine-15-2.png\" width=\"24\" height=\"24\" alt=\"icon\">\n                        <\/span>\n                                        <h3 class=\"text-center leading-[1.125rem]\">Discounts for a full experience in Mallorca<\/h3>\n                <\/div>\n                            <div class=\"flex flex-col items-center justify-start gap-4 mb-8\">\n                                            <span class=\"bg-primary p-4 rounded-lg inline-flex items-center justify-center\">\n                            <img decoding=\"async\" loading=\"lazy\" src=\"https:\/\/camps.rafanadalacademy.com\/wp-content\/uploads\/2024\/11\/Shirt.png\" width=\"24\" height=\"24\" alt=\"icon\">\n                        <\/span>\n                                        <h3 class=\"text-center leading-[1.125rem]\">RNA certified coaches<\/h3>\n                <\/div>\n                    <\/div>\n            <\/div>\n<\/section>\n<section\n\tclass=\"pt-[19.8125rem] lg:pt-20 pb-20 contact-newsletter relative lg:overflow-hidden\"\n\t>\n\t<div class=\"max-w-[73.4375rem] bg-tertiary pt-8 pb-16 px-4 lg:pt-10 lg:pr-[5.3125rem] lg:pb-[3.5rem] relative mx-auto px-4\">\n\t\t\t\t\t<img decoding=\"async\" loading=\"lazy\" class=\"h-[19.8125rem] lg:h-[33.125rem] absolute -translate-x-1\/2 lg:-translate-x-0 contact-newsletter__img-lg\" src=\"https:\/\/camps.rafanadalacademy.com\/wp-content\/themes\/rafanadal\/theme-tennis-centre\/images\/RNTC_newsletter-form.png\" alt=\"Rafa Nadal\">\n\t\t\t\t<div class=\"flex items-center \">\n\t\t\t\t<div class=\"flex w-full flex-col gap-[2.5rem] items-center lg:items-end \">\n\t\t\t\t\t<div class=\"flex flex-col lg:flex-row items-center gap-4 shrink-0 contact-newsletter__mw\">\n\t\t\t\t\t\t<img decoding=\"async\" loading=\"lazy\" class=\"h-[10.521375rem] hidden\" src=\"https:\/\/camps.rafanadalacademy.com\/wp-content\/themes\/rafanadal\/theme-tennis-centre\/images\/RNTC_newsletter-form.png\" alt=\"Rafa Nadal\">\n\t\t\t\t\t\t<div>\n\t\t\t\t\t\t\t\t\t\t\t\t\t\t\t<h2 class=\"text-tertiary font-medium text-white text-[3rem] leading-[3.75rem] mb-6\">Join our community!<\/h2>\n\t\t\t\t\t\t\t\t\t\t\t\t\t\t\t\t\t\t\t\t\t\t<p class=\"text-tertiary md:max-w-[27.75rem] text-white\">Stay up to date with the best of tennis and enjoy exclusive promotions and events at the Rafa Nadal Tennis Center. Subscribe!<\/p>\n\t\t\t\t\t\t\t\t\t\t\t\t\t<\/div>\n\t\t\t\t\t<\/div>\n\t\t\t\t\t<div class=\"shrink-0 grow w-full md:max-w-[27.75rem]\">\n\t\t\t\t\t\t<div id=\"mc_embed_shell\" class=\"w-full\">\n\t\t\t\t\t\t\t<div id=\"mc_embed_signup\">\n\t\t\t\t\t\t\t\t<form action=\"https:\/\/rafanadalacademy.us14.list-manage.com\/subscribe\/post?u=a4f248c81e309ff4781b9e5bb&amp;id=69125860b8\" method=\"POST\" id=\"mc-embedded-subscribe-form\" class=\"mc-ajax mc-form subscribe-form wow fadeInUp validate\" data-wow-delay=\".1s\" data-wow-duration=\".25s\" _lpchecked=\"1\" name=\"mc-embedded-subscribe-form\" target=\"_blank\" novalidate=\"novalidate\" style=\"visibility: visible; animation-duration: 0.25s; animation-delay: 0.1s;\">\n\t\t\t\t\t\t\t\t\t<div class=\"relative flex gap-2 flex-col lg:flex-row\">\n\t\t\t\t\t\t\t\t\t\t<input type=\"email\" name=\"EMAIL\" id=\"mce-EMAIL\" placeholder=\"Your email\">\n\n\t\t\t\t\t\t\t\t\t\t<!-- Title of site -->\n\t\t\t\t\t\t\t\t\t\t<input type=\"hidden\" value=\"Home\" name=\"MMERGE5\" id=\"mce-MMERGE5\">\n\t\t\t\t\t\t\t\t\t\t<!-- Language -->\n\t\t\t\t\t\t\t\t\t\t\t\t\t\t\t\t\t\t\t\t<input type=\"hidden\" value=\"en\" name=\"MMERGE6\" id=\"mce-MMERGE6\">\n\n\t\t\t\t\t\t\t\t\t\t<div style=\"position: absolute; left: -5000px;\" aria-hidden=\"true\">\n\t\t\t\t\t\t\t\t\t\t\t<input type=\"text\" name=\"b_a4f248c81e309ff4781b9e5bb_ed3628742c\" tabindex=\"-1\" value=\"\">\n\t\t\t\t\t\t\t\t\t\t<\/div>\n\n\t\t\t\t\t\t\t\t\t\t<button type=\"submit\" id=\"btn-news\" name=\"subscribe\" class=\"btn text-background hover:text-background bg-primary hover:bg-primary_hover mt-2 lg:m-0\">Subscribe<\/button>\n\t\t\t\t\t\t\t\t\t<\/div>\n\t\t\t\t\t\t\t\t\t\t\t\t\t\t\t\t\t\t\t<div class=\"news-check mailchimp-legal text-sm leading-[1.25rem] text-white mt-6\">\n\t\t\t\t\t\t\t\t\t\t\t<input id=\"newscheckbox\" type=\"hidden\" name=\"newscheckbox\" value=\"true\"><p><span data-sheets-root=\"1\" data-sheets-value=\"{&quot;1&quot;:2,&quot;2&quot;:&quot;By clicking the button you are accepting our privacy policy..&quot;}\" data-sheets-userformat=\"{&quot;2&quot;:7101,&quot;3&quot;:{&quot;1&quot;:0},&quot;5&quot;:{&quot;1&quot;:[{&quot;1&quot;:2,&quot;2&quot;:0,&quot;5&quot;:{&quot;1&quot;:2,&quot;2&quot;:0}},{&quot;1&quot;:0,&quot;2&quot;:0,&quot;3&quot;:3},{&quot;1&quot;:1,&quot;2&quot;:0,&quot;4&quot;:1}]},&quot;6&quot;:{&quot;1&quot;:[{&quot;1&quot;:2,&quot;2&quot;:0,&quot;5&quot;:{&quot;1&quot;:2,&quot;2&quot;:0}},{&quot;1&quot;:0,&quot;2&quot;:0,&quot;3&quot;:3},{&quot;1&quot;:1,&quot;2&quot;:0,&quot;4&quot;:1}]},&quot;7&quot;:{&quot;1&quot;:[{&quot;1&quot;:2,&quot;2&quot;:0,&quot;5&quot;:{&quot;1&quot;:2,&quot;2&quot;:0}},{&quot;1&quot;:0,&quot;2&quot;:0,&quot;3&quot;:3},{&quot;1&quot;:1,&quot;2&quot;:0,&quot;4&quot;:1}]},&quot;8&quot;:{&quot;1&quot;:[{&quot;1&quot;:2,&quot;2&quot;:0,&quot;5&quot;:{&quot;1&quot;:2,&quot;2&quot;:0}},{&quot;1&quot;:0,&quot;2&quot;:0,&quot;3&quot;:3},{&quot;1&quot;:1,&quot;2&quot;:0,&quot;4&quot;:1}]},&quot;10&quot;:2,&quot;11&quot;:4,&quot;12&quot;:0,&quot;14&quot;:{&quot;1&quot;:2,&quot;2&quot;:0},&quot;15&quot;:&quot;Arial&quot;}\">By clicking the button you are accepting our <a href=\"https:\/\/camps.rafanadalacademy.com\/en\/legal-warning\/\">privacy policy.<\/a><\/span><\/p>\n\t\t\t\t\t\t\t\t\t\t<\/div>\n\t\t\t\t\t\t\t\t\t\t\t\t\t\t\t\t\t<\/form>\n\t\t\t\t\t\t\t<\/div>\n\t\t\t\t\t\t<\/div>\n\t\t\t\t\t<\/div>\n\t\t\t\t<\/div>\n\t\t<\/div>\n\t<\/div>\n<\/section>\n","protected":false},"excerpt":{"rendered":"","protected":false},"author":19,"featured_media":0,"parent":0,"menu_order":0,"comment_status":"closed","ping_status":"closed","template":"","meta":{"_acf_changed":true,"footnotes":""},"class_list":["post-21791","page","type-page","status-publish","hentry"],"acf":[],"yoast_head":"<!-- This site is optimized with the Yoast SEO plugin v26.7 - https:\/\/yoast.com\/wordpress\/plugins\/seo\/ -->\n<title>Rafa Nadal Academy International Tennis Camps<\/title>\n<meta name=\"description\" content=\"Experience the Rafa Nadal Academy International Camps with official coaches outside our facilities, in your city.\" \/>\n<meta name=\"robots\" content=\"index, follow, max-snippet:-1, max-image-preview:large, max-video-preview:-1\" \/>\n<link rel=\"canonical\" href=\"https:\/\/camps.rafanadalacademy.com\/en\/\" \/>\n<meta property=\"og:locale\" content=\"en_US\" \/>\n<meta property=\"og:type\" content=\"article\" \/>\n<meta property=\"og:title\" content=\"Rafa Nadal Academy International Tennis Camps\" \/>\n<meta property=\"og:description\" content=\"Experience the Rafa Nadal Academy International Camps with official coaches outside our facilities, in your city.\" \/>\n<meta property=\"og:url\" content=\"https:\/\/camps.rafanadalacademy.com\/en\/\" \/>\n<meta property=\"og:site_name\" content=\"Rafa Nadal Academy Camps\" \/>\n<meta property=\"article:modified_time\" content=\"2026-03-25T11:18:41+00:00\" \/>\n<meta name=\"twitter:card\" content=\"summary_large_image\" \/>\n<meta name=\"twitter:label1\" content=\"Est. reading time\" \/>\n\t<meta name=\"twitter:data1\" content=\"3 minutes\" \/>\n<script type=\"application\/ld+json\" class=\"yoast-schema-graph\">{\"@context\":\"https:\/\/schema.org\",\"@graph\":[{\"@type\":\"WebPage\",\"@id\":\"https:\/\/camps.rafanadalacademy.com\/en\/\",\"url\":\"https:\/\/camps.rafanadalacademy.com\/en\/\",\"name\":\"Rafa Nadal Academy International Tennis Camps\",\"isPartOf\":{\"@id\":\"https:\/\/camps.rafanadalacademy.com\/en\/#website\"},\"datePublished\":\"2024-01-11T08:37:16+00:00\",\"dateModified\":\"2026-03-25T11:18:41+00:00\",\"description\":\"Experience the Rafa Nadal Academy International Camps with official coaches outside our facilities, in your city.\",\"breadcrumb\":{\"@id\":\"https:\/\/camps.rafanadalacademy.com\/en\/#breadcrumb\"},\"inLanguage\":\"en-US\",\"potentialAction\":[{\"@type\":\"ReadAction\",\"target\":[\"https:\/\/camps.rafanadalacademy.com\/en\/\"]}]},{\"@type\":\"BreadcrumbList\",\"@id\":\"https:\/\/camps.rafanadalacademy.com\/en\/#breadcrumb\",\"itemListElement\":[{\"@type\":\"ListItem\",\"position\":1,\"name\":\"Home\",\"item\":\"https:\/\/camps.rafanadalacademy.com\/en\/\"},{\"@type\":\"ListItem\",\"position\":2,\"name\":\"Home\"}]},{\"@type\":\"WebSite\",\"@id\":\"https:\/\/camps.rafanadalacademy.com\/en\/#website\",\"url\":\"https:\/\/camps.rafanadalacademy.com\/en\/\",\"name\":\"Rafa Nadal Academy Camps\",\"description\":\"Academia de Tenis y Camps\",\"potentialAction\":[{\"@type\":\"SearchAction\",\"target\":{\"@type\":\"EntryPoint\",\"urlTemplate\":\"https:\/\/camps.rafanadalacademy.com\/en\/?s={search_term_string}\"},\"query-input\":{\"@type\":\"PropertyValueSpecification\",\"valueRequired\":true,\"valueName\":\"search_term_string\"}}],\"inLanguage\":\"en-US\"}]}<\/script>\n<!-- \/ Yoast SEO plugin. -->","yoast_head_json":{"title":"Rafa Nadal Academy International Tennis Camps","description":"Experience the Rafa Nadal Academy International Camps with official coaches outside our facilities, in your city.","robots":{"index":"index","follow":"follow","max-snippet":"max-snippet:-1","max-image-preview":"max-image-preview:large","max-video-preview":"max-video-preview:-1"},"canonical":"https:\/\/camps.rafanadalacademy.com\/en\/","og_locale":"en_US","og_type":"article","og_title":"Rafa Nadal Academy International Tennis Camps","og_description":"Experience the Rafa Nadal Academy International Camps with official coaches outside our facilities, in your city.","og_url":"https:\/\/camps.rafanadalacademy.com\/en\/","og_site_name":"Rafa Nadal Academy Camps","article_modified_time":"2026-03-25T11:18:41+00:00","twitter_card":"summary_large_image","twitter_misc":{"Est. reading time":"3 minutes"},"schema":{"@context":"https:\/\/schema.org","@graph":[{"@type":"WebPage","@id":"https:\/\/camps.rafanadalacademy.com\/en\/","url":"https:\/\/camps.rafanadalacademy.com\/en\/","name":"Rafa Nadal Academy International Tennis Camps","isPartOf":{"@id":"https:\/\/camps.rafanadalacademy.com\/en\/#website"},"datePublished":"2024-01-11T08:37:16+00:00","dateModified":"2026-03-25T11:18:41+00:00","description":"Experience the Rafa Nadal Academy International Camps with official coaches outside our facilities, in your city.","breadcrumb":{"@id":"https:\/\/camps.rafanadalacademy.com\/en\/#breadcrumb"},"inLanguage":"en-US","potentialAction":[{"@type":"ReadAction","target":["https:\/\/camps.rafanadalacademy.com\/en\/"]}]},{"@type":"BreadcrumbList","@id":"https:\/\/camps.rafanadalacademy.com\/en\/#breadcrumb","itemListElement":[{"@type":"ListItem","position":1,"name":"Home","item":"https:\/\/camps.rafanadalacademy.com\/en\/"},{"@type":"ListItem","position":2,"name":"Home"}]},{"@type":"WebSite","@id":"https:\/\/camps.rafanadalacademy.com\/en\/#website","url":"https:\/\/camps.rafanadalacademy.com\/en\/","name":"Rafa Nadal Academy Camps","description":"Academia de Tenis y Camps","potentialAction":[{"@type":"SearchAction","target":{"@type":"EntryPoint","urlTemplate":"https:\/\/camps.rafanadalacademy.com\/en\/?s={search_term_string}"},"query-input":{"@type":"PropertyValueSpecification","valueRequired":true,"valueName":"search_term_string"}}],"inLanguage":"en-US"}]}},"_links":{"self":[{"href":"https:\/\/camps.rafanadalacademy.com\/en\/wp-json\/wp\/v2\/pages\/21791","targetHints":{"allow":["GET"]}}],"collection":[{"href":"https:\/\/camps.rafanadalacademy.com\/en\/wp-json\/wp\/v2\/pages"}],"about":[{"href":"https:\/\/camps.rafanadalacademy.com\/en\/wp-json\/wp\/v2\/types\/page"}],"author":[{"embeddable":true,"href":"https:\/\/camps.rafanadalacademy.com\/en\/wp-json\/wp\/v2\/users\/19"}],"replies":[{"embeddable":true,"href":"https:\/\/camps.rafanadalacademy.com\/en\/wp-json\/wp\/v2\/comments?post=21791"}],"version-history":[{"count":0,"href":"https:\/\/camps.rafanadalacademy.com\/en\/wp-json\/wp\/v2\/pages\/21791\/revisions"}],"wp:attachment":[{"href":"https:\/\/camps.rafanadalacademy.com\/en\/wp-json\/wp\/v2\/media?parent=21791"}],"curies":[{"name":"wp","href":"https:\/\/api.w.org\/{rel}","templated":true}]}}